{"id":3720,"date":"2025-04-25T08:44:37","date_gmt":"2025-04-25T08:44:37","guid":{"rendered":"https:\/\/www.piller.com\/de-de\/?page_id=3720"},"modified":"2025-06-16T14:17:15","modified_gmt":"2025-06-16T14:17:15","slug":"symposium-osterode_2025","status":"publish","type":"page","link":"https:\/\/www.piller.com\/de-de\/symposium-osterode_2025\/","title":{"rendered":"Symposium Osterode, 30.09. &#8211; 01.10.2025"},"content":{"rendered":"<h4>Zukunftssichere Energieversorgung f\u00fcr die neue KI-Welt<\/h4>\n<h4><strong>Energie bereitstellen. Ausfallsicher und skalierbar planen. Nachhaltig profitieren.<\/strong><\/h4>\n<p>KI ist DER Innovationstreiber unserer Zeit \u2013 und eine gewaltige Herausforderung f\u00fcr die Energiebranche.<\/p>\n<p>Mit einer prognostizierten Vervielfachung des KI bedingten Leistungsbedarfes bis 2030 stellt sich eine zentrale Frage:<\/p>\n<p><strong>Wie stellen wir den steigenden Energiebedarf zuverl\u00e4ssig, nachhaltig und wirtschaftlich realisierbar zur Verf\u00fcgung?<\/strong><\/p>\n<p>Wir freuen uns, Sie vom 30.09.-01.10.2025 im PILLER Stammwerk in Osterode am Harz begr\u00fc\u00dfen zu d\u00fcrfen.<\/p>\n<p>Unser Symposium richtet sich an Fachplaner und Betreiber von Rechenzentren und kritischen Infrastrukturen.<\/p>\n<p>Wir bringen die aktuellen Themen und Experten zusammen, um die Zukunft der Energieversorgung zu gestalten:<\/p>\n<p>\ud83d\udd0b <strong>Herausforderungen<\/strong> in der Energieversorgung &amp; nachhaltige Strategien f\u00fcr die neuen Leistungsanforderungen durch KI<\/p>\n<p>\u2699\ufe0f <strong>Hocheffiziente USV-Systeme<\/strong> \u2013 Modular und dynamisch, mit Schwungmassenspeicher, VRLA- oder LFP-Batterien<\/p>\n<p>\ud83c\udf10 <strong>Systemaufbau &amp; Redundanz<\/strong>: Hohe Verf\u00fcgbarkeitsklassen einhalten bei gleichzeitiger Maximierung der Energieeffizienz<\/p>\n<p>\u26a1 <strong>Kurzschlussleistung im Fokus<\/strong>: Selektivit\u00e4t erm\u00f6glicht das \u00dcberleben im Fehlerfall<\/p>\n<p>\ud83d\ude80 <strong>Alternative Kraftstoffe <\/strong>zukunftssicher und innovativ die Notstromversorgung langfristig absichern<\/p>\n<p>\u26a1<strong>Dezentrale Energieerzeugung: <\/strong>Modulare Microgrids f\u00fcr eine schnelle Bereitstellung der Prim\u00e4renergieversorgung von Gro\u00dfrechenzentren.<\/p>\n<p>\ud83c\udfa4 <strong>Spannende Fachbeitr\u00e4ge<\/strong> von Branchenexperten, praxisnahe Beispiele und Diskussionen auf Augenh\u00f6he<\/p>\n<p><strong>Produktvorf\u00fchrungen, Werksbesichtigung &amp; gemeinsames Abendprogramm<\/strong><\/p>\n<p>Die Zukunft der Energieversorgung ist kein Projekt mehr \u2013 sie ist unsere Mission. <strong>Gestalten wir sie gemeinsam.<\/strong><\/p>\n","protected":false},"excerpt":{"rendered":"<p>Zukunftssichere Energieversorgung f\u00fcr die neue KI-Welt Energie bereitstellen. Ausfallsicher und skalierbar planen. Nachhaltig profitieren. KI ist DER Innovationstreiber unserer Zeit \u2013 und eine gewaltige Herausforderung f\u00fcr die Energiebranche. Mit einer prognostizierten Vervielfachung des KI bedingten Leistungsbedarfes bis 2030 stellt sich eine zentrale Frage: Wie stellen wir den steigenden Energiebedarf zuverl\u00e4ssig, nachhaltig und wirtschaftlich realisierbar zur [&hellip;]<\/p>\n","protected":false},"author":3,"featured_media":0,"parent":0,"menu_order":9,"comment_status":"closed","ping_status":"closed","template":"page-template-flexible-layout.php","meta":{"_acf_changed":false,"footnotes":""},"class_list":["post-3720","page","type-page","status-publish","hentry"],"acf":[],"yoast_head":"<!-- This site is optimized with the Yoast SEO plugin v25.6 - https:\/\/yoast.com\/wordpress\/plugins\/seo\/ -->\n<title>Symposium Osterode, 30.09. - 01.10.2025 - Deutsch<\/title>\n<meta name=\"robots\" content=\"index, follow, max-snippet:-1, max-image-preview:large, max-video-preview:-1\" \/>\n<link rel=\"canonical\" href=\"https:\/\/www.piller.com\/de-de\/symposium-osterode_2025\/\" \/>\n<meta property=\"og:locale\" content=\"de_DE\" \/>\n<meta property=\"og:type\" content=\"article\" \/>\n<meta property=\"og:title\" content=\"Symposium Osterode, 30.09. - 01.10.2025 - Deutsch\" \/>\n<meta property=\"og:description\" content=\"Zukunftssichere Energieversorgung f\u00fcr die neue KI-Welt Energie bereitstellen. Ausfallsicher und skalierbar planen. Nachhaltig profitieren. KI ist DER Innovationstreiber unserer Zeit \u2013 und eine gewaltige Herausforderung f\u00fcr die Energiebranche. Mit einer prognostizierten Vervielfachung des KI bedingten Leistungsbedarfes bis 2030 stellt sich eine zentrale Frage: Wie stellen wir den steigenden Energiebedarf zuverl\u00e4ssig, nachhaltig und wirtschaftlich realisierbar zur [&hellip;]\" \/>\n<meta property=\"og:url\" content=\"https:\/\/www.piller.com\/de-de\/symposium-osterode_2025\/\" \/>\n<meta property=\"og:site_name\" content=\"Deutsch\" \/>\n<meta property=\"article:modified_time\" content=\"2025-06-16T14:17:15+00:00\" \/>\n<meta name=\"twitter:card\" content=\"summary_large_image\" \/>\n<meta name=\"twitter:label1\" content=\"Gesch\u00e4tzte Lesezeit\" \/>\n\t<meta name=\"twitter:data1\" content=\"2\u00a0Minuten\" \/>\n<script type=\"application\/ld+json\" class=\"yoast-schema-graph\">{\"@context\":\"https:\/\/schema.org\",\"@graph\":[{\"@type\":\"WebPage\",\"@id\":\"https:\/\/www.piller.com\/de-de\/symposium-osterode_2025\/\",\"url\":\"https:\/\/www.piller.com\/de-de\/symposium-osterode_2025\/\",\"name\":\"Symposium Osterode, 30.09. - 01.10.2025 - Deutsch\",\"isPartOf\":{\"@id\":\"https:\/\/www.piller.com\/de-de\/#website\"},\"datePublished\":\"2025-04-25T08:44:37+00:00\",\"dateModified\":\"2025-06-16T14:17:15+00:00\",\"breadcrumb\":{\"@id\":\"https:\/\/www.piller.com\/de-de\/symposium-osterode_2025\/#breadcrumb\"},\"inLanguage\":\"de\",\"potentialAction\":[{\"@type\":\"ReadAction\",\"target\":[\"https:\/\/www.piller.com\/de-de\/symposium-osterode_2025\/\"]}]},{\"@type\":\"BreadcrumbList\",\"@id\":\"https:\/\/www.piller.com\/de-de\/symposium-osterode_2025\/#breadcrumb\",\"itemListElement\":[{\"@type\":\"ListItem\",\"position\":1,\"name\":\"Home\",\"item\":\"https:\/\/www.piller.com\/de-de\/\"},{\"@type\":\"ListItem\",\"position\":2,\"name\":\"Symposium Osterode, 30.09. &#8211; 01.10.2025\"}]},{\"@type\":\"WebSite\",\"@id\":\"https:\/\/www.piller.com\/de-de\/#website\",\"url\":\"https:\/\/www.piller.com\/de-de\/\",\"name\":\"Deutsch\",\"description\":\"Deutsch\",\"potentialAction\":[{\"@type\":\"SearchAction\",\"target\":{\"@type\":\"EntryPoint\",\"urlTemplate\":\"https:\/\/www.piller.com\/de-de\/?s={search_term_string}\"},\"query-input\":{\"@type\":\"PropertyValueSpecification\",\"valueRequired\":true,\"valueName\":\"search_term_string\"}}],\"inLanguage\":\"de\"}]}<\/script>\n<!-- \/ Yoast SEO plugin. -->","yoast_head_json":{"title":"Symposium Osterode, 30.09. - 01.10.2025 - Deutsch","robots":{"index":"index","follow":"follow","max-snippet":"max-snippet:-1","max-image-preview":"max-image-preview:large","max-video-preview":"max-video-preview:-1"},"canonical":"https:\/\/www.piller.com\/de-de\/symposium-osterode_2025\/","og_locale":"de_DE","og_type":"article","og_title":"Symposium Osterode, 30.09. - 01.10.2025 - Deutsch","og_description":"Zukunftssichere Energieversorgung f\u00fcr die neue KI-Welt Energie bereitstellen. Ausfallsicher und skalierbar planen. Nachhaltig profitieren. KI ist DER Innovationstreiber unserer Zeit \u2013 und eine gewaltige Herausforderung f\u00fcr die Energiebranche. Mit einer prognostizierten Vervielfachung des KI bedingten Leistungsbedarfes bis 2030 stellt sich eine zentrale Frage: Wie stellen wir den steigenden Energiebedarf zuverl\u00e4ssig, nachhaltig und wirtschaftlich realisierbar zur [&hellip;]","og_url":"https:\/\/www.piller.com\/de-de\/symposium-osterode_2025\/","og_site_name":"Deutsch","article_modified_time":"2025-06-16T14:17:15+00:00","twitter_card":"summary_large_image","twitter_misc":{"Gesch\u00e4tzte Lesezeit":"2\u00a0Minuten"},"schema":{"@context":"https:\/\/schema.org","@graph":[{"@type":"WebPage","@id":"https:\/\/www.piller.com\/de-de\/symposium-osterode_2025\/","url":"https:\/\/www.piller.com\/de-de\/symposium-osterode_2025\/","name":"Symposium Osterode, 30.09. - 01.10.2025 - Deutsch","isPartOf":{"@id":"https:\/\/www.piller.com\/de-de\/#website"},"datePublished":"2025-04-25T08:44:37+00:00","dateModified":"2025-06-16T14:17:15+00:00","breadcrumb":{"@id":"https:\/\/www.piller.com\/de-de\/symposium-osterode_2025\/#breadcrumb"},"inLanguage":"de","potentialAction":[{"@type":"ReadAction","target":["https:\/\/www.piller.com\/de-de\/symposium-osterode_2025\/"]}]},{"@type":"BreadcrumbList","@id":"https:\/\/www.piller.com\/de-de\/symposium-osterode_2025\/#breadcrumb","itemListElement":[{"@type":"ListItem","position":1,"name":"Home","item":"https:\/\/www.piller.com\/de-de\/"},{"@type":"ListItem","position":2,"name":"Symposium Osterode, 30.09. &#8211; 01.10.2025"}]},{"@type":"WebSite","@id":"https:\/\/www.piller.com\/de-de\/#website","url":"https:\/\/www.piller.com\/de-de\/","name":"Deutsch","description":"Deutsch","potentialAction":[{"@type":"SearchAction","target":{"@type":"EntryPoint","urlTemplate":"https:\/\/www.piller.com\/de-de\/?s={search_term_string}"},"query-input":{"@type":"PropertyValueSpecification","valueRequired":true,"valueName":"search_term_string"}}],"inLanguage":"de"}]}},"_links":{"self":[{"href":"https:\/\/www.piller.com\/de-de\/wp-json\/wp\/v2\/pages\/3720","targetHints":{"allow":["GET"]}}],"collection":[{"href":"https:\/\/www.piller.com\/de-de\/wp-json\/wp\/v2\/pages"}],"about":[{"href":"https:\/\/www.piller.com\/de-de\/wp-json\/wp\/v2\/types\/page"}],"author":[{"embeddable":true,"href":"https:\/\/www.piller.com\/de-de\/wp-json\/wp\/v2\/users\/3"}],"replies":[{"embeddable":true,"href":"https:\/\/www.piller.com\/de-de\/wp-json\/wp\/v2\/comments?post=3720"}],"version-history":[{"count":6,"href":"https:\/\/www.piller.com\/de-de\/wp-json\/wp\/v2\/pages\/3720\/revisions"}],"predecessor-version":[{"id":4486,"href":"https:\/\/www.piller.com\/de-de\/wp-json\/wp\/v2\/pages\/3720\/revisions\/4486"}],"wp:attachment":[{"href":"https:\/\/www.piller.com\/de-de\/wp-json\/wp\/v2\/media?parent=3720"}],"curies":[{"name":"wp","href":"https:\/\/api.w.org\/{rel}","templated":true}]}}