{"id":18,"date":"2023-07-18T13:27:10","date_gmt":"2023-07-18T13:27:10","guid":{"rendered":"https:\/\/www.piller.com\/es-es\/?page_id=18"},"modified":"2025-03-25T16:12:00","modified_gmt":"2025-03-25T16:12:00","slug":"about","status":"publish","type":"page","link":"https:\/\/www.piller.com\/es-es\/about\/","title":{"rendered":"Acerca"},"content":{"rendered":"<p>Para fabricar sistemas de refugios antia\u00e9reos, Piller alquila una f\u00e1brica filial en Duderstadt, cerca de Hannover, que cierra unos 30 a\u00f1os m\u00e1s tarde.Para fabricar sistemas de refugios antia\u00e9reos, Piller alquila una f\u00e1brica filial en Duderstadt, cerca de Hannover, que cierra unos 30 a\u00f1os m\u00e1s tarde. Para fabricar sistemas de refugios antia\u00e9reos, Piller alquila una f\u00e1brica filial en Duderstadt, cerca de Hannover, que cierra unos 30 a\u00f1os m\u00e1s tarde.<\/p>\n","protected":false},"excerpt":{"rendered":"<p>Para fabricar sistemas de refugios antia\u00e9reos, Piller alquila una f\u00e1brica filial en Duderstadt, cerca de Hannover, que cierra unos 30 a\u00f1os m\u00e1s tarde.Para fabricar sistemas de refugios antia\u00e9reos, Piller alquila una f\u00e1brica filial en Duderstadt, cerca de Hannover, que cierra unos 30 a\u00f1os m\u00e1s tarde. Para fabricar sistemas de refugios antia\u00e9reos, Piller alquila una f\u00e1brica [&hellip;]<\/p>\n","protected":false},"author":1,"featured_media":0,"parent":0,"menu_order":10,"comment_status":"closed","ping_status":"closed","template":"page-template-flexible-layout.php","meta":{"_acf_changed":false,"footnotes":""},"class_list":["post-18","page","type-page","status-publish","hentry"],"acf":[],"yoast_head":"<!-- This site is optimized with the Yoast SEO plugin v25.6 - https:\/\/yoast.com\/wordpress\/plugins\/seo\/ -->\n<title>Acerca - Espa\u00f1ol<\/title>\n<meta name=\"robots\" content=\"index, follow, max-snippet:-1, max-image-preview:large, max-video-preview:-1\" \/>\n<link rel=\"canonical\" href=\"https:\/\/www.piller.com\/es-es\/about\/\" \/>\n<meta property=\"og:locale\" content=\"es_ES\" \/>\n<meta property=\"og:type\" content=\"article\" \/>\n<meta property=\"og:title\" content=\"Acerca - Espa\u00f1ol\" \/>\n<meta property=\"og:description\" content=\"Para fabricar sistemas de refugios antia\u00e9reos, Piller alquila una f\u00e1brica filial en Duderstadt, cerca de Hannover, que cierra unos 30 a\u00f1os m\u00e1s tarde.Para fabricar sistemas de refugios antia\u00e9reos, Piller alquila una f\u00e1brica filial en Duderstadt, cerca de Hannover, que cierra unos 30 a\u00f1os m\u00e1s tarde. Para fabricar sistemas de refugios antia\u00e9reos, Piller alquila una f\u00e1brica [&hellip;]\" \/>\n<meta property=\"og:url\" content=\"https:\/\/www.piller.com\/es-es\/about\/\" \/>\n<meta property=\"og:site_name\" content=\"Espa\u00f1ol\" \/>\n<meta property=\"article:modified_time\" content=\"2025-03-25T16:12:00+00:00\" \/>\n<meta name=\"twitter:card\" content=\"summary_large_image\" \/>\n<meta name=\"twitter:label1\" content=\"Tiempo de lectura\" \/>\n\t<meta name=\"twitter:data1\" content=\"1 minuto\" \/>\n<script type=\"application\/ld+json\" class=\"yoast-schema-graph\">{\"@context\":\"https:\/\/schema.org\",\"@graph\":[{\"@type\":\"WebPage\",\"@id\":\"https:\/\/www.piller.com\/es-es\/about\/\",\"url\":\"https:\/\/www.piller.com\/es-es\/about\/\",\"name\":\"Acerca - Espa\u00f1ol\",\"isPartOf\":{\"@id\":\"https:\/\/www.piller.com\/es-es\/#website\"},\"datePublished\":\"2023-07-18T13:27:10+00:00\",\"dateModified\":\"2025-03-25T16:12:00+00:00\",\"breadcrumb\":{\"@id\":\"https:\/\/www.piller.com\/es-es\/about\/#breadcrumb\"},\"inLanguage\":\"es\",\"potentialAction\":[{\"@type\":\"ReadAction\",\"target\":[\"https:\/\/www.piller.com\/es-es\/about\/\"]}]},{\"@type\":\"BreadcrumbList\",\"@id\":\"https:\/\/www.piller.com\/es-es\/about\/#breadcrumb\",\"itemListElement\":[{\"@type\":\"ListItem\",\"position\":1,\"name\":\"Home\",\"item\":\"https:\/\/www.piller.com\/es-es\/\"},{\"@type\":\"ListItem\",\"position\":2,\"name\":\"Acerca\"}]},{\"@type\":\"WebSite\",\"@id\":\"https:\/\/www.piller.com\/es-es\/#website\",\"url\":\"https:\/\/www.piller.com\/es-es\/\",\"name\":\"Piller Power\",\"description\":\"Espa\u00f1ol\",\"publisher\":{\"@id\":\"https:\/\/www.piller.com\/es-es\/#organization\"},\"potentialAction\":[{\"@type\":\"SearchAction\",\"target\":{\"@type\":\"EntryPoint\",\"urlTemplate\":\"https:\/\/www.piller.com\/es-es\/?s={search_term_string}\"},\"query-input\":{\"@type\":\"PropertyValueSpecification\",\"valueRequired\":true,\"valueName\":\"search_term_string\"}}],\"inLanguage\":\"es\"},{\"@type\":\"Organization\",\"@id\":\"https:\/\/www.piller.com\/es-es\/#organization\",\"name\":\"Piller Power\",\"url\":\"https:\/\/www.piller.com\/es-es\/\",\"logo\":{\"@type\":\"ImageObject\",\"inLanguage\":\"es\",\"@id\":\"https:\/\/www.piller.com\/es-es\/#\/schema\/logo\/image\/\",\"url\":\"http:\/\/www.piller.com\/es-es\/wp-content\/uploads\/sites\/3\/2023\/07\/Group-40234.jpg\",\"contentUrl\":\"http:\/\/www.piller.com\/es-es\/wp-content\/uploads\/sites\/3\/2023\/07\/Group-40234.jpg\",\"width\":500,\"height\":500,\"caption\":\"Piller Power\"},\"image\":{\"@id\":\"https:\/\/www.piller.com\/es-es\/#\/schema\/logo\/image\/\"}}]}<\/script>\n<!-- \/ Yoast SEO plugin. -->","yoast_head_json":{"title":"Acerca - Espa\u00f1ol","robots":{"index":"index","follow":"follow","max-snippet":"max-snippet:-1","max-image-preview":"max-image-preview:large","max-video-preview":"max-video-preview:-1"},"canonical":"https:\/\/www.piller.com\/es-es\/about\/","og_locale":"es_ES","og_type":"article","og_title":"Acerca - Espa\u00f1ol","og_description":"Para fabricar sistemas de refugios antia\u00e9reos, Piller alquila una f\u00e1brica filial en Duderstadt, cerca de Hannover, que cierra unos 30 a\u00f1os m\u00e1s tarde.Para fabricar sistemas de refugios antia\u00e9reos, Piller alquila una f\u00e1brica filial en Duderstadt, cerca de Hannover, que cierra unos 30 a\u00f1os m\u00e1s tarde. Para fabricar sistemas de refugios antia\u00e9reos, Piller alquila una f\u00e1brica [&hellip;]","og_url":"https:\/\/www.piller.com\/es-es\/about\/","og_site_name":"Espa\u00f1ol","article_modified_time":"2025-03-25T16:12:00+00:00","twitter_card":"summary_large_image","twitter_misc":{"Tiempo de lectura":"1 minuto"},"schema":{"@context":"https:\/\/schema.org","@graph":[{"@type":"WebPage","@id":"https:\/\/www.piller.com\/es-es\/about\/","url":"https:\/\/www.piller.com\/es-es\/about\/","name":"Acerca - Espa\u00f1ol","isPartOf":{"@id":"https:\/\/www.piller.com\/es-es\/#website"},"datePublished":"2023-07-18T13:27:10+00:00","dateModified":"2025-03-25T16:12:00+00:00","breadcrumb":{"@id":"https:\/\/www.piller.com\/es-es\/about\/#breadcrumb"},"inLanguage":"es","potentialAction":[{"@type":"ReadAction","target":["https:\/\/www.piller.com\/es-es\/about\/"]}]},{"@type":"BreadcrumbList","@id":"https:\/\/www.piller.com\/es-es\/about\/#breadcrumb","itemListElement":[{"@type":"ListItem","position":1,"name":"Home","item":"https:\/\/www.piller.com\/es-es\/"},{"@type":"ListItem","position":2,"name":"Acerca"}]},{"@type":"WebSite","@id":"https:\/\/www.piller.com\/es-es\/#website","url":"https:\/\/www.piller.com\/es-es\/","name":"Piller Power","description":"Espa\u00f1ol","publisher":{"@id":"https:\/\/www.piller.com\/es-es\/#organization"},"potentialAction":[{"@type":"SearchAction","target":{"@type":"EntryPoint","urlTemplate":"https:\/\/www.piller.com\/es-es\/?s={search_term_string}"},"query-input":{"@type":"PropertyValueSpecification","valueRequired":true,"valueName":"search_term_string"}}],"inLanguage":"es"},{"@type":"Organization","@id":"https:\/\/www.piller.com\/es-es\/#organization","name":"Piller Power","url":"https:\/\/www.piller.com\/es-es\/","logo":{"@type":"ImageObject","inLanguage":"es","@id":"https:\/\/www.piller.com\/es-es\/#\/schema\/logo\/image\/","url":"http:\/\/www.piller.com\/es-es\/wp-content\/uploads\/sites\/3\/2023\/07\/Group-40234.jpg","contentUrl":"http:\/\/www.piller.com\/es-es\/wp-content\/uploads\/sites\/3\/2023\/07\/Group-40234.jpg","width":500,"height":500,"caption":"Piller Power"},"image":{"@id":"https:\/\/www.piller.com\/es-es\/#\/schema\/logo\/image\/"}}]}},"_links":{"self":[{"href":"https:\/\/www.piller.com\/es-es\/wp-json\/wp\/v2\/pages\/18","targetHints":{"allow":["GET"]}}],"collection":[{"href":"https:\/\/www.piller.com\/es-es\/wp-json\/wp\/v2\/pages"}],"about":[{"href":"https:\/\/www.piller.com\/es-es\/wp-json\/wp\/v2\/types\/page"}],"author":[{"embeddable":true,"href":"https:\/\/www.piller.com\/es-es\/wp-json\/wp\/v2\/users\/1"}],"replies":[{"embeddable":true,"href":"https:\/\/www.piller.com\/es-es\/wp-json\/wp\/v2\/comments?post=18"}],"version-history":[{"count":5,"href":"https:\/\/www.piller.com\/es-es\/wp-json\/wp\/v2\/pages\/18\/revisions"}],"predecessor-version":[{"id":2860,"href":"https:\/\/www.piller.com\/es-es\/wp-json\/wp\/v2\/pages\/18\/revisions\/2860"}],"wp:attachment":[{"href":"https:\/\/www.piller.com\/es-es\/wp-json\/wp\/v2\/media?parent=18"}],"curies":[{"name":"wp","href":"https:\/\/api.w.org\/{rel}","templated":true}]}}