{"id":75,"date":"2023-07-18T14:37:33","date_gmt":"2023-07-18T14:37:33","guid":{"rendered":"https:\/\/www.piller.com\/fr-fr\/?page_id=75"},"modified":"2025-02-18T10:29:58","modified_gmt":"2025-02-18T10:29:58","slug":"privacy-policy","status":"publish","type":"page","link":"https:\/\/www.piller.com\/fr-fr\/privacy-policy\/","title":{"rendered":"Privacy Policy"},"content":{"rendered":"<p>The Company takes the security and privacy of your data seriously. We gather and use information or \u2018data\u2019 about you as part of our business and to manage, develop and enhance our relationship with you. We intend to comply with our legal obligations under the Data Protection Act 2018 (the \u20182018 Act\u2019) and the EU General Data Protection Regulation (\u2018GDPR\u2019) in respect of data privacy and security. We have a duty to notify you of information contained in this policy.<br \/>\nThis general policy applies to all personal data we may hold. The Company has measures in place to protect the security of your data as set out in this policy. The Company will hold data for as long as is necessary for the purposes for which it was collected, or until a subject access request is received to delete it. This policy explains how the Company will hold and process your information and explains your rights in respect of the data we hold. Data Protection Principles<\/p>\n<p>Personal data must be processed in accordance with six \u2018Data Protection Principles.\u2019 It must:<br \/>\nbe processed fairly, lawfully and transparently;<br \/>\nbe collected and processed only for specified, explicit and legitimate purposes;<br \/>\nbe adequate, relevant and limited to what is necessary for the purposes for which it is processed;<br \/>\nbe accurate and kept up to date. Any inaccurate data must be deleted or rectified without delay;not be kept for longer than is necessary for the purposes for which it is processed; and be processed securely.<br \/>\nHeading text<br \/>\nMolestie pellentesque consequat, dis non scelerisque. Lorem consectetur ultricies enim urna.<br \/>\nGravida cursus cursus tristique nunc arcu egestas laoreet.<br \/>\nAliquam eros urna nulla eget rhoncus, dolor nisl sociis.<br \/>\nMassa consectetur pharetra viverra turpis enim, commodo lectus ac.<br \/>\nAuctor cras pellentesque sit rutrum.<br \/>\nEt blandit nunc arcu eu elementum.<br \/>\nTempor mattis mauris mi viverra mi eu.<br \/>\nVitae euismod vulputate cum lobortis.<br \/>\nRisus tempus velit quam pellentesque magna et et massa quis.<br \/>\nVulputate aenean penatibus in magna velit quam nisi, praesent libero.<br \/>\nQuis iaculis vivamus tortor praesent est.<br \/>\nHeading text<br \/>\nMolestie nulla aenean euismod nulla et condimentum. Nunc eget sed pellentesque id commodo enim. Nunc sed ut tellus, vulputate. In cursus in imperdiet eget cras diam ipsum. Velit tellus at suspendisse tellus odio adipiscing ullamcorper nisl placerat. Urna malesuada nisl placerat eget egestas elit integer tortor faucibus. Tristique ultricies volutpat iaculis id.<br \/>\nFermentum feugiat ultrices amet elementum eget pharetra. Vitae risus in at urna placerat semper in cras ante. Et maecenas enim duis tellus, vitae. Id pretium euismod sed tempus. Mi dapibus varius diam turpis auctor tincidunt pretium vitae. Sapien sed mi, donec proin lobortis ac orci. Quisque venenatis et eleifend mauris. Netus nunc risus rhoncus et, pretium et sagittis, cursus mi. Elementum suspendisse pellentesque id sit. Duis consequat arcu arcu nam enim, ut. Donec id viverra aenean tellus egestas diam. Nunc purus porttitor congue leo scelerisque arcu purus commodo. Nisl mi enim et elit id nec.<br \/>\nViverra erat porttitor etiam cras cras. Felis sed amet gravida pulvinar. Sed ut blandit consequat venenatis in. Orci nibh ac fames non pretium ipsum turpis cursus. Quam eleifend libero amet varius mattis vulputate laoreet suspendisse. Fermentum integer magna risus molestie tortor.<br \/>\nHeading text<br \/>\nMolestie nulla aenean euismod nulla et condimentum. Nunc eget sed pellentesque id commodo enim. Nunc sed ut tellus, vulputate. In cursus in imperdiet eget cras diam ipsum. Velit tellus at suspendisse tellus odio adipiscing ullamcorper nisl placerat. Urna malesuada nisl placerat eget egestas elit integer tortor faucibus. Tristique ultricies volutpat iaculis id.<br \/>\nFermentum feugiat ultrices amet elementum eget pharetra. Vitae risus in at urna placerat semper in cras ante. Et maecenas enim duis tellus, vitae. Id pretium euismod sed tempus. Mi dapibus varius diam turpis auctor tincidunt pretium vitae. Sapien sed mi, donec proin lobortis ac orci. Quisque venenatis et eleifend mauris. Netus nunc risus rhoncus et, pretium et sagittis, cursus mi. Elementum suspendisse pellentesque id sit. Duis consequat arcu arcu nam enim, ut. Donec id viverra aenean tellus egestas diam. Nunc purus porttitor congue leo scelerisque arcu purus commodo. Nisl mi enim et elit id nec.<br \/>\nViverra erat porttitor etiam cras cras. Felis sed amet gravida pulvinar. Sed ut blandit consequat venenatis in. Orci nibh ac fames non pretium ipsum turpis cursus. Quam eleifend libero amet varius mattis vulputate laoreet suspendisse. Fermentum integer magna risus molestie tortor.<\/p>\n","protected":false},"excerpt":{"rendered":"<p>The Company takes the security and privacy of your data seriously. We gather and use information or \u2018data\u2019 about you as part of our business and to manage, develop and enhance our relationship with you. We intend to comply with our legal obligations under the Data Protection Act 2018 (the \u20182018 Act\u2019) and the EU [&hellip;]<\/p>\n","protected":false},"author":1,"featured_media":0,"parent":0,"menu_order":27,"comment_status":"closed","ping_status":"closed","template":"page-template-flexible-layout.php","meta":{"_acf_changed":false,"footnotes":""},"class_list":["post-75","page","type-page","status-publish","hentry"],"acf":[],"yoast_head":"<!-- This site is optimized with the Yoast SEO plugin v25.6 - https:\/\/yoast.com\/wordpress\/plugins\/seo\/ -->\n<title>Privacy Policy - Fran\u00e7ais<\/title>\n<meta name=\"robots\" content=\"index, follow, max-snippet:-1, max-image-preview:large, max-video-preview:-1\" \/>\n<link rel=\"canonical\" href=\"https:\/\/www.piller.com\/fr-fr\/privacy-policy\/\" \/>\n<meta property=\"og:locale\" content=\"fr_FR\" \/>\n<meta property=\"og:type\" content=\"article\" \/>\n<meta property=\"og:title\" content=\"Privacy Policy - Fran\u00e7ais\" \/>\n<meta property=\"og:description\" content=\"The Company takes the security and privacy of your data seriously. We gather and use information or \u2018data\u2019 about you as part of our business and to manage, develop and enhance our relationship with you. We intend to comply with our legal obligations under the Data Protection Act 2018 (the \u20182018 Act\u2019) and the EU [&hellip;]\" \/>\n<meta property=\"og:url\" content=\"https:\/\/www.piller.com\/fr-fr\/privacy-policy\/\" \/>\n<meta property=\"og:site_name\" content=\"Fran\u00e7ais\" \/>\n<meta property=\"article:modified_time\" content=\"2025-02-18T10:29:58+00:00\" \/>\n<meta name=\"twitter:card\" content=\"summary_large_image\" \/>\n<meta name=\"twitter:label1\" content=\"Dur\u00e9e de lecture estim\u00e9e\" \/>\n\t<meta name=\"twitter:data1\" content=\"4 minutes\" \/>\n<script type=\"application\/ld+json\" class=\"yoast-schema-graph\">{\"@context\":\"https:\/\/schema.org\",\"@graph\":[{\"@type\":\"WebPage\",\"@id\":\"https:\/\/www.piller.com\/fr-fr\/privacy-policy\/\",\"url\":\"https:\/\/www.piller.com\/fr-fr\/privacy-policy\/\",\"name\":\"Privacy Policy - Fran\u00e7ais\",\"isPartOf\":{\"@id\":\"https:\/\/www.piller.com\/fr-fr\/#website\"},\"datePublished\":\"2023-07-18T14:37:33+00:00\",\"dateModified\":\"2025-02-18T10:29:58+00:00\",\"breadcrumb\":{\"@id\":\"https:\/\/www.piller.com\/fr-fr\/privacy-policy\/#breadcrumb\"},\"inLanguage\":\"fr-FR\",\"potentialAction\":[{\"@type\":\"ReadAction\",\"target\":[\"https:\/\/www.piller.com\/fr-fr\/privacy-policy\/\"]}]},{\"@type\":\"BreadcrumbList\",\"@id\":\"https:\/\/www.piller.com\/fr-fr\/privacy-policy\/#breadcrumb\",\"itemListElement\":[{\"@type\":\"ListItem\",\"position\":1,\"name\":\"Home\",\"item\":\"https:\/\/www.piller.com\/fr-fr\/\"},{\"@type\":\"ListItem\",\"position\":2,\"name\":\"Privacy Policy\"}]},{\"@type\":\"WebSite\",\"@id\":\"https:\/\/www.piller.com\/fr-fr\/#website\",\"url\":\"https:\/\/www.piller.com\/fr-fr\/\",\"name\":\"Piller Power\",\"description\":\"Fran\u00e7ais\",\"publisher\":{\"@id\":\"https:\/\/www.piller.com\/fr-fr\/#organization\"},\"potentialAction\":[{\"@type\":\"SearchAction\",\"target\":{\"@type\":\"EntryPoint\",\"urlTemplate\":\"https:\/\/www.piller.com\/fr-fr\/?s={search_term_string}\"},\"query-input\":{\"@type\":\"PropertyValueSpecification\",\"valueRequired\":true,\"valueName\":\"search_term_string\"}}],\"inLanguage\":\"fr-FR\"},{\"@type\":\"Organization\",\"@id\":\"https:\/\/www.piller.com\/fr-fr\/#organization\",\"name\":\"Piller Power\",\"url\":\"https:\/\/www.piller.com\/fr-fr\/\",\"logo\":{\"@type\":\"ImageObject\",\"inLanguage\":\"fr-FR\",\"@id\":\"https:\/\/www.piller.com\/fr-fr\/#\/schema\/logo\/image\/\",\"url\":\"http:\/\/www.piller.com\/fr-fr\/wp-content\/uploads\/sites\/4\/2023\/07\/Group-40234.jpg\",\"contentUrl\":\"http:\/\/www.piller.com\/fr-fr\/wp-content\/uploads\/sites\/4\/2023\/07\/Group-40234.jpg\",\"width\":500,\"height\":500,\"caption\":\"Piller Power\"},\"image\":{\"@id\":\"https:\/\/www.piller.com\/fr-fr\/#\/schema\/logo\/image\/\"}}]}<\/script>\n<!-- \/ Yoast SEO plugin. -->","yoast_head_json":{"title":"Privacy Policy - Fran\u00e7ais","robots":{"index":"index","follow":"follow","max-snippet":"max-snippet:-1","max-image-preview":"max-image-preview:large","max-video-preview":"max-video-preview:-1"},"canonical":"https:\/\/www.piller.com\/fr-fr\/privacy-policy\/","og_locale":"fr_FR","og_type":"article","og_title":"Privacy Policy - Fran\u00e7ais","og_description":"The Company takes the security and privacy of your data seriously. We gather and use information or \u2018data\u2019 about you as part of our business and to manage, develop and enhance our relationship with you. We intend to comply with our legal obligations under the Data Protection Act 2018 (the \u20182018 Act\u2019) and the EU [&hellip;]","og_url":"https:\/\/www.piller.com\/fr-fr\/privacy-policy\/","og_site_name":"Fran\u00e7ais","article_modified_time":"2025-02-18T10:29:58+00:00","twitter_card":"summary_large_image","twitter_misc":{"Dur\u00e9e de lecture estim\u00e9e":"4 minutes"},"schema":{"@context":"https:\/\/schema.org","@graph":[{"@type":"WebPage","@id":"https:\/\/www.piller.com\/fr-fr\/privacy-policy\/","url":"https:\/\/www.piller.com\/fr-fr\/privacy-policy\/","name":"Privacy Policy - Fran\u00e7ais","isPartOf":{"@id":"https:\/\/www.piller.com\/fr-fr\/#website"},"datePublished":"2023-07-18T14:37:33+00:00","dateModified":"2025-02-18T10:29:58+00:00","breadcrumb":{"@id":"https:\/\/www.piller.com\/fr-fr\/privacy-policy\/#breadcrumb"},"inLanguage":"fr-FR","potentialAction":[{"@type":"ReadAction","target":["https:\/\/www.piller.com\/fr-fr\/privacy-policy\/"]}]},{"@type":"BreadcrumbList","@id":"https:\/\/www.piller.com\/fr-fr\/privacy-policy\/#breadcrumb","itemListElement":[{"@type":"ListItem","position":1,"name":"Home","item":"https:\/\/www.piller.com\/fr-fr\/"},{"@type":"ListItem","position":2,"name":"Privacy Policy"}]},{"@type":"WebSite","@id":"https:\/\/www.piller.com\/fr-fr\/#website","url":"https:\/\/www.piller.com\/fr-fr\/","name":"Piller Power","description":"Fran\u00e7ais","publisher":{"@id":"https:\/\/www.piller.com\/fr-fr\/#organization"},"potentialAction":[{"@type":"SearchAction","target":{"@type":"EntryPoint","urlTemplate":"https:\/\/www.piller.com\/fr-fr\/?s={search_term_string}"},"query-input":{"@type":"PropertyValueSpecification","valueRequired":true,"valueName":"search_term_string"}}],"inLanguage":"fr-FR"},{"@type":"Organization","@id":"https:\/\/www.piller.com\/fr-fr\/#organization","name":"Piller Power","url":"https:\/\/www.piller.com\/fr-fr\/","logo":{"@type":"ImageObject","inLanguage":"fr-FR","@id":"https:\/\/www.piller.com\/fr-fr\/#\/schema\/logo\/image\/","url":"http:\/\/www.piller.com\/fr-fr\/wp-content\/uploads\/sites\/4\/2023\/07\/Group-40234.jpg","contentUrl":"http:\/\/www.piller.com\/fr-fr\/wp-content\/uploads\/sites\/4\/2023\/07\/Group-40234.jpg","width":500,"height":500,"caption":"Piller Power"},"image":{"@id":"https:\/\/www.piller.com\/fr-fr\/#\/schema\/logo\/image\/"}}]}},"_links":{"self":[{"href":"https:\/\/www.piller.com\/fr-fr\/wp-json\/wp\/v2\/pages\/75","targetHints":{"allow":["GET"]}}],"collection":[{"href":"https:\/\/www.piller.com\/fr-fr\/wp-json\/wp\/v2\/pages"}],"about":[{"href":"https:\/\/www.piller.com\/fr-fr\/wp-json\/wp\/v2\/types\/page"}],"author":[{"embeddable":true,"href":"https:\/\/www.piller.com\/fr-fr\/wp-json\/wp\/v2\/users\/1"}],"replies":[{"embeddable":true,"href":"https:\/\/www.piller.com\/fr-fr\/wp-json\/wp\/v2\/comments?post=75"}],"version-history":[{"count":3,"href":"https:\/\/www.piller.com\/fr-fr\/wp-json\/wp\/v2\/pages\/75\/revisions"}],"predecessor-version":[{"id":2782,"href":"https:\/\/www.piller.com\/fr-fr\/wp-json\/wp\/v2\/pages\/75\/revisions\/2782"}],"wp:attachment":[{"href":"https:\/\/www.piller.com\/fr-fr\/wp-json\/wp\/v2\/media?parent=75"}],"curies":[{"name":"wp","href":"https:\/\/api.w.org\/{rel}","templated":true}]}}